{"id":62,"date":"2023-12-13T22:26:39","date_gmt":"2023-12-13T22:26:39","guid":{"rendered":"https:\/\/banbuonsofa.com\/new\/?page_id=62"},"modified":"2023-12-14T22:32:48","modified_gmt":"2023-12-14T22:32:48","slug":"chinh-sach-bao-mat","status":"publish","type":"page","link":"http:\/\/banbuonsofa.com\/new\/chinh-sach-bao-mat\/","title":{"rendered":"Ch\u00ednh s\u00e1ch b\u1ea3o m\u1eadt"},"content":{"rendered":"<h2>Gi\u1edbi thi\u1ec7u<\/h2>\n<p>Ch\u00e0o m\u1eebng b\u1ea1n \u0111\u1ebfn v\u1edbi https:\/\/banbuonsofa.com, cam k\u1ebft duy tr\u00ec quy\u1ec1n ri\u00eang t\u01b0 c\u1ee7a t\u1ea5t c\u1ea3 kh\u00e1ch truy c\u1eadp. Ch\u00ednh s\u00e1ch b\u1ea3o m\u1eadt n\u00e0y m\u00f4 t\u1ea3 c\u00e1ch ch\u00fang t\u00f4i thu th\u1eadp, s\u1eed d\u1ee5ng v\u00e0 b\u1ea3o v\u1ec7 th\u00f4ng tin c\u00e1 nh\u00e2n c\u1ee7a b\u1ea1n.<\/p>\n<h2>B\u1ed9 s\u01b0u t\u1eadp th\u00f4ng tin<\/h2>\n<p>Ch\u00fang t\u00f4i thu th\u1eadp th\u00f4ng tin c\u00e1 nh\u00e2n nh\u01b0 t\u00ean, \u0111\u1ecba ch\u1ec9 email v\u00e0 chi ti\u1ebft li\u00ean h\u1ec7 c\u1ee7a b\u1ea1n khi b\u1ea1n \u0111\u0103ng k\u00fd tr\u00ean trang web c\u1ee7a ch\u00fang t\u00f4i, \u0111\u0103ng k\u00fd nh\u1eadn b\u1ea3n tin ho\u1eb7c \u0111i\u1ec1n v\u00e0o bi\u1ec3u m\u1eabu. Ch\u00fang t\u00f4i c\u0169ng c\u00f3 th\u1ec3 thu th\u1eadp th\u00f4ng tin kh\u00f4ng th\u1ec3 nh\u1eadn d\u1ea1ng c\u00e1 nh\u00e2n th\u00f4ng qua cookie v\u00e0 t\u1ec7p nh\u1eadt k\u00fd c\u1ee7a tr\u00ecnh duy\u1ec7t.<\/p>\n<h2>S\u1eed d\u1ee5ng th\u00f4ng tin<\/h2>\n<p>Th\u00f4ng tin \u0111\u01b0\u1ee3c thu th\u1eadp \u0111\u01b0\u1ee3c s\u1eed d\u1ee5ng \u0111\u1ec3 c\u00e1 nh\u00e2n h\u00f3a tr\u1ea3i nghi\u1ec7m c\u1ee7a b\u1ea1n, c\u1ea3i thi\u1ec7n trang web c\u1ee7a ch\u00fang t\u00f4i v\u00e0 x\u1eed l\u00fd c\u00e1c giao d\u1ecbch. Th\u00f4ng tin c\u1ee7a b\u1ea1n, d\u00f9 c\u00f4ng khai hay ri\u00eang t\u01b0, s\u1ebd kh\u00f4ng \u0111\u01b0\u1ee3c b\u00e1n, trao \u0111\u1ed5i, chuy\u1ec3n nh\u01b0\u1ee3ng ho\u1eb7c chuy\u1ec3n nh\u01b0\u1ee3ng cho b\u1ea5t k\u1ef3 c\u00f4ng ty n\u00e0o kh\u00e1c v\u00ec b\u1ea5t k\u1ef3 l\u00fd do g\u00ec m\u00e0 kh\u00f4ng c\u00f3 s\u1ef1 \u0111\u1ed3ng \u00fd c\u1ee7a b\u1ea1n, ngo\u00e0i m\u1ee5c \u0111\u00edch r\u00f5 r\u00e0ng l\u00e0 cung c\u1ea5p y\u00eau c\u1ea7u s\u1ea3n ph\u1ea9m ho\u1eb7c d\u1ecbch v\u1ee5 \u0111\u00e3 mua.<\/p>\n<h2>B\u1ea3o v\u1ec7 d\u1eef li\u1ec7u<\/h2>\n<p>Ch\u00fang t\u00f4i th\u1ef1c hi\u1ec7n c\u00e1c bi\u1ec7n ph\u00e1p b\u1ea3o m\u1eadt kh\u00e1c nhau \u0111\u1ec3 duy tr\u00ec t\u00ednh b\u1ea3o m\u1eadt c\u1ee7a th\u00f4ng tin c\u00e1 nh\u00e2n c\u1ee7a b\u1ea1n. Vi\u1ec7c trao \u0111\u1ed5i d\u1eef li\u1ec7u nh\u1ea1y c\u1ea3m v\u00e0 ri\u00eang t\u01b0 gi\u1eefa trang web v\u00e0 ng\u01b0\u1eddi d\u00f9ng di\u1ec5n ra th\u00f4ng qua k\u00eanh li\u00ean l\u1ea1c SSL an to\u00e0n v\u00e0 \u0111\u01b0\u1ee3c m\u00e3 h\u00f3a v\u00e0 b\u1ea3o v\u1ec7.<\/p>\n<h2>B\u00e1nh quy<\/h2>\n<p>Cookies c\u00f3 th\u1ec3 \u0111\u01b0\u1ee3c s\u1eed d\u1ee5ng \u0111\u1ec3 c\u1ea3i thi\u1ec7n tr\u1ea3i nghi\u1ec7m ng\u01b0\u1eddi d\u00f9ng. Tr\u00ecnh duy\u1ec7t web c\u1ee7a ng\u01b0\u1eddi d\u00f9ng \u0111\u1eb7t cookie tr\u00ean \u1ed5 c\u1ee9ng c\u1ee7a h\u1ecd nh\u1eb1m m\u1ee5c \u0111\u00edch l\u01b0u gi\u1eef h\u1ed3 s\u01a1 v\u00e0 \u0111\u00f4i khi \u0111\u1ec3 theo d\u00f5i th\u00f4ng tin v\u1ec1 ch\u00fang.<\/p>\n<h2>B\u1eb1ng l\u00f2ng<\/h2>\n<p>B\u1eb1ng c\u00e1ch s\u1eed d\u1ee5ng trang web c\u1ee7a ch\u00fang t\u00f4i, b\u1ea1n \u0111\u1ed3ng \u00fd v\u1edbi ch\u00ednh s\u00e1ch b\u1ea3o m\u1eadt tr\u1ef1c tuy\u1ebfn c\u1ee7a ch\u00fang t\u00f4i.<\/p>\n","protected":false},"excerpt":{"rendered":"<p>Gi\u1edbi thi\u1ec7u Ch\u00e0o m\u1eebng b\u1ea1n \u0111\u1ebfn v\u1edbi https:\/\/banbuonsofa.com, cam k\u1ebft duy tr\u00ec quy\u1ec1n ri\u00eang t\u01b0 c\u1ee7a t\u1ea5t c\u1ea3 kh\u00e1ch truy c\u1eadp. Ch\u00ednh s\u00e1ch b\u1ea3o m\u1eadt n\u00e0y m\u00f4 t\u1ea3 c\u00e1ch ch\u00fang t\u00f4i thu th\u1eadp, s\u1eed d\u1ee5ng [&hellip;]<\/p>\n","protected":false},"author":1,"featured_media":0,"parent":0,"menu_order":0,"comment_status":"closed","ping_status":"closed","template":"","meta":{"footnotes":""},"class_list":["post-62","page","type-page","status-publish","hentry"],"yoast_head":"<!-- This site is optimized with the Yoast SEO plugin v21.6 - https:\/\/yoast.com\/wordpress\/plugins\/seo\/ -->\n<title>Ch\u00ednh s\u00e1ch b\u1ea3o m\u1eadt - banbuonsofa<\/title>\n<meta name=\"robots\" content=\"index, follow, max-snippet:-1, max-image-preview:large, max-video-preview:-1\" \/>\n<link rel=\"canonical\" href=\"http:\/\/banbuonsofa.com\/new\/chinh-sach-bao-mat\/\" \/>\n<meta property=\"og:locale\" content=\"vi_VN\" \/>\n<meta property=\"og:type\" content=\"article\" \/>\n<meta property=\"og:title\" content=\"Ch\u00ednh s\u00e1ch b\u1ea3o m\u1eadt - banbuonsofa\" \/>\n<meta property=\"og:description\" content=\"Gi\u1edbi thi\u1ec7u Ch\u00e0o m\u1eebng b\u1ea1n \u0111\u1ebfn v\u1edbi https:\/\/banbuonsofa.com, cam k\u1ebft duy tr\u00ec quy\u1ec1n ri\u00eang t\u01b0 c\u1ee7a t\u1ea5t c\u1ea3 kh\u00e1ch truy c\u1eadp. Ch\u00ednh s\u00e1ch b\u1ea3o m\u1eadt n\u00e0y m\u00f4 t\u1ea3 c\u00e1ch ch\u00fang t\u00f4i thu th\u1eadp, s\u1eed d\u1ee5ng [&hellip;]\" \/>\n<meta property=\"og:url\" content=\"http:\/\/banbuonsofa.com\/new\/chinh-sach-bao-mat\/\" \/>\n<meta property=\"og:site_name\" content=\"banbuonsofa\" \/>\n<meta property=\"article:modified_time\" content=\"2023-12-14T22:32:48+00:00\" \/>\n<meta name=\"twitter:card\" content=\"summary_large_image\" \/>\n<meta name=\"twitter:label1\" content=\"\u01af\u1edbc t\u00ednh th\u1eddi gian \u0111\u1ecdc\" \/>\n\t<meta name=\"twitter:data1\" content=\"3 ph\u00fat\" \/>\n<script type=\"application\/ld+json\" class=\"yoast-schema-graph\">{\"@context\":\"https:\/\/schema.org\",\"@graph\":[{\"@type\":\"WebPage\",\"@id\":\"http:\/\/banbuonsofa.com\/new\/chinh-sach-bao-mat\/\",\"url\":\"http:\/\/banbuonsofa.com\/new\/chinh-sach-bao-mat\/\",\"name\":\"Ch\u00ednh s\u00e1ch b\u1ea3o m\u1eadt - banbuonsofa\",\"isPartOf\":{\"@id\":\"https:\/\/banbuonsofa.com\/new\/#website\"},\"datePublished\":\"2023-12-13T22:26:39+00:00\",\"dateModified\":\"2023-12-14T22:32:48+00:00\",\"breadcrumb\":{\"@id\":\"http:\/\/banbuonsofa.com\/new\/chinh-sach-bao-mat\/#breadcrumb\"},\"inLanguage\":\"vi\",\"potentialAction\":[{\"@type\":\"ReadAction\",\"target\":[\"http:\/\/banbuonsofa.com\/new\/chinh-sach-bao-mat\/\"]}]},{\"@type\":\"BreadcrumbList\",\"@id\":\"http:\/\/banbuonsofa.com\/new\/chinh-sach-bao-mat\/#breadcrumb\",\"itemListElement\":[{\"@type\":\"ListItem\",\"position\":1,\"name\":\"Home\",\"item\":\"https:\/\/banbuonsofa.com\/new\/\"},{\"@type\":\"ListItem\",\"position\":2,\"name\":\"Ch\u00ednh s\u00e1ch b\u1ea3o m\u1eadt\"}]},{\"@type\":\"WebSite\",\"@id\":\"https:\/\/banbuonsofa.com\/new\/#website\",\"url\":\"https:\/\/banbuonsofa.com\/new\/\",\"name\":\"banbuonsofa\",\"description\":\"new\",\"publisher\":{\"@id\":\"https:\/\/banbuonsofa.com\/new\/#organization\"},\"potentialAction\":[{\"@type\":\"SearchAction\",\"target\":{\"@type\":\"EntryPoint\",\"urlTemplate\":\"https:\/\/banbuonsofa.com\/new\/?s={search_term_string}\"},\"query-input\":\"required name=search_term_string\"}],\"inLanguage\":\"vi\"},{\"@type\":\"Organization\",\"@id\":\"https:\/\/banbuonsofa.com\/new\/#organization\",\"name\":\"banbuonsofa\",\"url\":\"https:\/\/banbuonsofa.com\/new\/\",\"logo\":{\"@type\":\"ImageObject\",\"inLanguage\":\"vi\",\"@id\":\"https:\/\/banbuonsofa.com\/new\/#\/schema\/logo\/image\/\",\"url\":\"https:\/\/banbuonsofa.com\/new\/wp-content\/uploads\/2023\/12\/cropped-\u0421\u043d\u0438\u043c\u043e\u043a-\u044d\u043a\u0440\u0430\u043d\u0430-2023-12-15-\u0432-00.22.09.png\",\"contentUrl\":\"https:\/\/banbuonsofa.com\/new\/wp-content\/uploads\/2023\/12\/cropped-\u0421\u043d\u0438\u043c\u043e\u043a-\u044d\u043a\u0440\u0430\u043d\u0430-2023-12-15-\u0432-00.22.09.png\",\"width\":688,\"height\":230,\"caption\":\"banbuonsofa\"},\"image\":{\"@id\":\"https:\/\/banbuonsofa.com\/new\/#\/schema\/logo\/image\/\"}}]}<\/script>\n<!-- \/ Yoast SEO plugin. -->","yoast_head_json":{"title":"Ch\u00ednh s\u00e1ch b\u1ea3o m\u1eadt - banbuonsofa","robots":{"index":"index","follow":"follow","max-snippet":"max-snippet:-1","max-image-preview":"max-image-preview:large","max-video-preview":"max-video-preview:-1"},"canonical":"http:\/\/banbuonsofa.com\/new\/chinh-sach-bao-mat\/","og_locale":"vi_VN","og_type":"article","og_title":"Ch\u00ednh s\u00e1ch b\u1ea3o m\u1eadt - banbuonsofa","og_description":"Gi\u1edbi thi\u1ec7u Ch\u00e0o m\u1eebng b\u1ea1n \u0111\u1ebfn v\u1edbi https:\/\/banbuonsofa.com, cam k\u1ebft duy tr\u00ec quy\u1ec1n ri\u00eang t\u01b0 c\u1ee7a t\u1ea5t c\u1ea3 kh\u00e1ch truy c\u1eadp. Ch\u00ednh s\u00e1ch b\u1ea3o m\u1eadt n\u00e0y m\u00f4 t\u1ea3 c\u00e1ch ch\u00fang t\u00f4i thu th\u1eadp, s\u1eed d\u1ee5ng [&hellip;]","og_url":"http:\/\/banbuonsofa.com\/new\/chinh-sach-bao-mat\/","og_site_name":"banbuonsofa","article_modified_time":"2023-12-14T22:32:48+00:00","twitter_card":"summary_large_image","twitter_misc":{"\u01af\u1edbc t\u00ednh th\u1eddi gian \u0111\u1ecdc":"3 ph\u00fat"},"schema":{"@context":"https:\/\/schema.org","@graph":[{"@type":"WebPage","@id":"http:\/\/banbuonsofa.com\/new\/chinh-sach-bao-mat\/","url":"http:\/\/banbuonsofa.com\/new\/chinh-sach-bao-mat\/","name":"Ch\u00ednh s\u00e1ch b\u1ea3o m\u1eadt - banbuonsofa","isPartOf":{"@id":"https:\/\/banbuonsofa.com\/new\/#website"},"datePublished":"2023-12-13T22:26:39+00:00","dateModified":"2023-12-14T22:32:48+00:00","breadcrumb":{"@id":"http:\/\/banbuonsofa.com\/new\/chinh-sach-bao-mat\/#breadcrumb"},"inLanguage":"vi","potentialAction":[{"@type":"ReadAction","target":["http:\/\/banbuonsofa.com\/new\/chinh-sach-bao-mat\/"]}]},{"@type":"BreadcrumbList","@id":"http:\/\/banbuonsofa.com\/new\/chinh-sach-bao-mat\/#breadcrumb","itemListElement":[{"@type":"ListItem","position":1,"name":"Home","item":"https:\/\/banbuonsofa.com\/new\/"},{"@type":"ListItem","position":2,"name":"Ch\u00ednh s\u00e1ch b\u1ea3o m\u1eadt"}]},{"@type":"WebSite","@id":"https:\/\/banbuonsofa.com\/new\/#website","url":"https:\/\/banbuonsofa.com\/new\/","name":"banbuonsofa","description":"new","publisher":{"@id":"https:\/\/banbuonsofa.com\/new\/#organization"},"potentialAction":[{"@type":"SearchAction","target":{"@type":"EntryPoint","urlTemplate":"https:\/\/banbuonsofa.com\/new\/?s={search_term_string}"},"query-input":"required name=search_term_string"}],"inLanguage":"vi"},{"@type":"Organization","@id":"https:\/\/banbuonsofa.com\/new\/#organization","name":"banbuonsofa","url":"https:\/\/banbuonsofa.com\/new\/","logo":{"@type":"ImageObject","inLanguage":"vi","@id":"https:\/\/banbuonsofa.com\/new\/#\/schema\/logo\/image\/","url":"https:\/\/banbuonsofa.com\/new\/wp-content\/uploads\/2023\/12\/cropped-\u0421\u043d\u0438\u043c\u043e\u043a-\u044d\u043a\u0440\u0430\u043d\u0430-2023-12-15-\u0432-00.22.09.png","contentUrl":"https:\/\/banbuonsofa.com\/new\/wp-content\/uploads\/2023\/12\/cropped-\u0421\u043d\u0438\u043c\u043e\u043a-\u044d\u043a\u0440\u0430\u043d\u0430-2023-12-15-\u0432-00.22.09.png","width":688,"height":230,"caption":"banbuonsofa"},"image":{"@id":"https:\/\/banbuonsofa.com\/new\/#\/schema\/logo\/image\/"}}]}},"_links":{"self":[{"href":"https:\/\/banbuonsofa.com\/new\/wp-json\/wp\/v2\/pages\/62"}],"collection":[{"href":"https:\/\/banbuonsofa.com\/new\/wp-json\/wp\/v2\/pages"}],"about":[{"href":"https:\/\/banbuonsofa.com\/new\/wp-json\/wp\/v2\/types\/page"}],"author":[{"embeddable":true,"href":"https:\/\/banbuonsofa.com\/new\/wp-json\/wp\/v2\/users\/1"}],"replies":[{"embeddable":true,"href":"https:\/\/banbuonsofa.com\/new\/wp-json\/wp\/v2\/comments?post=62"}],"version-history":[{"count":2,"href":"https:\/\/banbuonsofa.com\/new\/wp-json\/wp\/v2\/pages\/62\/revisions"}],"predecessor-version":[{"id":66,"href":"https:\/\/banbuonsofa.com\/new\/wp-json\/wp\/v2\/pages\/62\/revisions\/66"}],"wp:attachment":[{"href":"https:\/\/banbuonsofa.com\/new\/wp-json\/wp\/v2\/media?parent=62"}],"curies":[{"name":"wp","href":"https:\/\/api.w.org\/{rel}","templated":true}]}}